{"id":110,"date":"2022-08-24T14:05:07","date_gmt":"2022-08-24T14:05:07","guid":{"rendered":"http:\/\/wespenverdelgingherne.be\/?page_id=110"},"modified":"2022-08-24T14:27:06","modified_gmt":"2022-08-24T14:27:06","slug":"is-verdelging-steeds-noodzakelijk","status":"publish","type":"page","link":"http:\/\/wespenverdelgingherne.be\/fr\/is-verdelging-steeds-noodzakelijk\/","title":{"rendered":"Est-il toujours n\u00e9cessaire d'exterminer?"},"content":{"rendered":"<p class=\"has-text-align-center has-medium-font-size\"><strong>Pas toujours!<\/strong> <\/p>\n\n\n\n<p>Bien que sa pr\u00e9sence soit souvent inopportune, la gu\u00eape joue un r\u00f4le important dans l'\u00e9cosyst\u00e8me en \u00e9liminant les insectes nuisibles. D\u2019autre part, elle contribue \u00e0 la pollinisation. Dans la mesure du possible, il est conseill\u00e9 de cohabiter avec elle et d\u2019attendre l\u2019hiver que la pluie et le vent se chargent de d\u00e9truire son nid.  <br><\/p>\n\n\n\n<p class=\"has-text-color has-vivid-cyan-blue-color\"><a href=\"https:\/\/www.vrt.be\/vrtnws\/nl\/2022\/08\/22\/opinie-wespen\/\">https:\/\/www.vrt.be\/vrtnws\/nl\/2022\/08\/22\/opinie-wespen\/<\/a><\/p>\n\n\n\n<h2 class=\"wp-block-heading\">Les gu\u00eapes\/frelons sont-ils des animaux utiles<\/h2>\n\n\n\n<p><strong>Absolument!<\/strong> <br> Les gu\u00eapes et les frelons sont des animaux tr\u00e8s utiles ! \u00c9tant carnivores, ils capturent \u00e9norm\u00e9ment d'insectes. Souvent, ces insectes se trouvent parmi nos l\u00e9gumes dans le jardin. Ils attrapent aussi les mouches domestiques qui nous d\u00e9rangent. En fait, les gu\u00eapes sont habiles \u00e0 \u00e9liminer les insectes nuisibles ou g\u00eanants   <br><\/p>\n\n\n\n<figure class=\"wp-block-gallery columns-1 is-cropped wp-block-gallery-1 is-layout-flex wp-block-gallery-is-layout-flex\"><ul class=\"blocks-gallery-grid\"><li class=\"blocks-gallery-item\"><figure><img loading=\"lazy\" decoding=\"async\" width=\"1024\" height=\"1006\" src=\"http:\/\/wespenverdelgingherne.be\/wp-content\/uploads\/2020\/01\/x83LJmh-1-1024x1006.jpg\" alt=\"\" data-id=\"65\" data-full-url=\"http:\/\/wespenverdelgingherne.be\/wp-content\/uploads\/2020\/01\/x83LJmh-1.jpg\" data-link=\"http:\/\/wespenverdelgingherne.be\/nuttige-weetjes\/x83ljmh-1\/\" class=\"wp-image-65\" srcset=\"http:\/\/wespenverdelgingherne.be\/wp-content\/uploads\/2020\/01\/x83LJmh-1-1024x1006.jpg 1024w, http:\/\/wespenverdelgingherne.be\/wp-content\/uploads\/2020\/01\/x83LJmh-1-300x295.jpg 300w, http:\/\/wespenverdelgingherne.be\/wp-content\/uploads\/2020\/01\/x83LJmh-1-768x754.jpg 768w, http:\/\/wespenverdelgingherne.be\/wp-content\/uploads\/2020\/01\/x83LJmh-1.jpg 1080w\" sizes=\"auto, (max-width: 767px) 89vw, (max-width: 1000px) 54vw, (max-width: 1071px) 543px, 580px\" \/><figcaption class=\"blocks-gallery-item__caption\">Gu\u00eape avec le lunch des larves.<\/figcaption><\/figure><\/li><\/ul><\/figure>\n\n\n\n<p>  <\/p>\n\n\n\n<p>Les gu\u00eapes et les frelons font partie des gestionnaires de d\u00e9chets de la nature. Ils s'assurent que les cadavres de rats, de souris, d'oiseaux, etc., sont \u00e9limin\u00e9s, contribuant ainsi \u00e0 pr\u00e9venir les fl\u00e9aux et les maladies  <\/p>\n\n\n\n<figure class=\"wp-block-gallery columns-1 is-cropped wp-block-gallery-2 is-layout-flex wp-block-gallery-is-layout-flex\"><ul class=\"blocks-gallery-grid\"><li class=\"blocks-gallery-item\"><figure><img loading=\"lazy\" decoding=\"async\" width=\"960\" height=\"627\" src=\"http:\/\/wespenverdelgingherne.be\/wp-content\/uploads\/2020\/09\/whasp-mouse.jpg\" alt=\"\" data-id=\"115\" data-full-url=\"http:\/\/wespenverdelgingherne.be\/wp-content\/uploads\/2020\/09\/whasp-mouse.jpg\" data-link=\"http:\/\/wespenverdelgingherne.be\/?attachment_id=115\" class=\"wp-image-115\" srcset=\"http:\/\/wespenverdelgingherne.be\/wp-content\/uploads\/2020\/09\/whasp-mouse.jpg 960w, http:\/\/wespenverdelgingherne.be\/wp-content\/uploads\/2020\/09\/whasp-mouse-300x196.jpg 300w, http:\/\/wespenverdelgingherne.be\/wp-content\/uploads\/2020\/09\/whasp-mouse-768x502.jpg 768w\" sizes=\"auto, (max-width: 767px) 89vw, (max-width: 1000px) 54vw, (max-width: 1071px) 543px, 580px\" \/><figcaption class=\"blocks-gallery-item__caption\">Des gu\u00eapes nettoient une souris morte<\/figcaption><\/figure><\/li><\/ul><\/figure>\n\n\n\n<p>Si tous les nids de gu\u00eapes \u00e9taient d\u00e9truits, cela pourrait entra\u00eener une v\u00e9ritable invasion de mouches et de chenilles\u2026<\/p>","protected":false},"excerpt":{"rendered":"<p>Niet altijd! Indien de nest geen hinder of schade veroorzaakt dan bent u veel beter om die te laten zitten. In dit artikel en filmpje van VRT nieuws wordt dit allemaal duidelijk uitgelegd door Peter Berx, entomoloog. https:\/\/www.vrt.be\/vrtnws\/nl\/2022\/08\/22\/opinie-wespen\/ Zijn wespen\/hoornaars nuttige dieren? Zeer zeker! Wespen en hoornaars zijn heel nuttige dieren! Doordat het vleeseters zijn, &hellip; <\/p>\n<p class=\"link-more\"><a href=\"http:\/\/wespenverdelgingherne.be\/fr\/is-verdelging-steeds-noodzakelijk\/\" class=\"more-link\">Continue reading<span class=\"screen-reader-text\"> &#8220;Is verdelging steeds noodzakelijk?&#8221;<\/span><\/a><\/p>","protected":false},"author":1,"featured_media":0,"parent":0,"menu_order":0,"comment_status":"closed","ping_status":"closed","template":"","meta":{"footnotes":""},"class_list":["post-110","page","type-page","status-publish","hentry"],"_links":{"self":[{"href":"http:\/\/wespenverdelgingherne.be\/fr\/wp-json\/wp\/v2\/pages\/110","targetHints":{"allow":["GET"]}}],"collection":[{"href":"http:\/\/wespenverdelgingherne.be\/fr\/wp-json\/wp\/v2\/pages"}],"about":[{"href":"http:\/\/wespenverdelgingherne.be\/fr\/wp-json\/wp\/v2\/types\/page"}],"author":[{"embeddable":true,"href":"http:\/\/wespenverdelgingherne.be\/fr\/wp-json\/wp\/v2\/users\/1"}],"replies":[{"embeddable":true,"href":"http:\/\/wespenverdelgingherne.be\/fr\/wp-json\/wp\/v2\/comments?post=110"}],"version-history":[{"count":14,"href":"http:\/\/wespenverdelgingherne.be\/fr\/wp-json\/wp\/v2\/pages\/110\/revisions"}],"predecessor-version":[{"id":148,"href":"http:\/\/wespenverdelgingherne.be\/fr\/wp-json\/wp\/v2\/pages\/110\/revisions\/148"}],"wp:attachment":[{"href":"http:\/\/wespenverdelgingherne.be\/fr\/wp-json\/wp\/v2\/media?parent=110"}],"curies":[{"name":"wp","href":"https:\/\/api.w.org\/{rel}","templated":true}]}}