{"id":15,"date":"2020-01-28T18:49:33","date_gmt":"2020-01-28T18:49:33","guid":{"rendered":"http:\/\/wespenverdelgingherne.be\/?page_id=15"},"modified":"2020-06-11T14:33:48","modified_gmt":"2020-06-11T14:33:48","slug":"nuttige-weetjes","status":"publish","type":"page","link":"http:\/\/wespenverdelgingherne.be\/fr\/nuttige-weetjes\/","title":{"rendered":"Faits utiles"},"content":{"rendered":"<h3 class=\"wp-block-heading\">Comment reconna\u00eetre un nid de gu\u00eapes?<\/h3>\n\n\n\n<p> Les nids de gu\u00eapes sont constitu\u00e9s de fibres v\u00e9g\u00e9tales et \/ ou de bois sec. Il pourrait \u00eatre compar\u00e9 \u00e0 de fines couches de papier ou de carton <\/p>\n\n\n\n<figure class=\"wp-block-gallery columns-1 is-cropped wp-block-gallery-1 is-layout-flex wp-block-gallery-is-layout-flex\"><ul class=\"blocks-gallery-grid\"><li class=\"blocks-gallery-item\"><figure><img loading=\"lazy\" decoding=\"async\" width=\"976\" height=\"649\" src=\"http:\/\/wespenverdelgingherne.be\/wp-content\/uploads\/2020\/01\/grote-wespennest-6.jpg\" alt=\"\" data-id=\"53\" data-full-url=\"http:\/\/wespenverdelgingherne.be\/wp-content\/uploads\/2020\/01\/grote-wespennest-6.jpg\" data-link=\"http:\/\/wespenverdelgingherne.be\/nuttige-weetjes\/grote-wespennest-6\/\" class=\"wp-image-53\" srcset=\"http:\/\/wespenverdelgingherne.be\/wp-content\/uploads\/2020\/01\/grote-wespennest-6.jpg 976w, http:\/\/wespenverdelgingherne.be\/wp-content\/uploads\/2020\/01\/grote-wespennest-6-300x199.jpg 300w, http:\/\/wespenverdelgingherne.be\/wp-content\/uploads\/2020\/01\/grote-wespennest-6-768x511.jpg 768w\" sizes=\"auto, (max-width: 767px) 89vw, (max-width: 1000px) 54vw, (max-width: 1071px) 543px, 580px\" \/><figcaption class=\"blocks-gallery-item__caption\">Nid de gu\u00eapes<\/figcaption><\/figure><\/li><\/ul><\/figure>\n\n\n\n<p> On reconna\u00eet la gu\u00eape \u00e0 la \"taille de gu\u00eape\". C'est le r\u00e9tr\u00e9cissement au milieu du corps. Elle est \u00e9galement \u00e0 peine poilue, contrairement \u00e0 l'abeille ou au bourdon.  <\/p>\n\n\n\n<figure class=\"wp-block-gallery columns-3 is-cropped wp-block-gallery-2 is-layout-flex wp-block-gallery-is-layout-flex\"><ul class=\"blocks-gallery-grid\"><li class=\"blocks-gallery-item\"><figure><img loading=\"lazy\" decoding=\"async\" width=\"750\" height=\"531\" src=\"http:\/\/wespenverdelgingherne.be\/wp-content\/uploads\/2020\/01\/wesp-7268-1.jpg\" alt=\"\" data-id=\"56\" data-link=\"http:\/\/wespenverdelgingherne.be\/nuttige-weetjes\/wesp-7268-1\/\" class=\"wp-image-56\" srcset=\"http:\/\/wespenverdelgingherne.be\/wp-content\/uploads\/2020\/01\/wesp-7268-1.jpg 750w, http:\/\/wespenverdelgingherne.be\/wp-content\/uploads\/2020\/01\/wesp-7268-1-300x212.jpg 300w\" sizes=\"auto, (max-width: 706px) 89vw, (max-width: 767px) 82vw, 740px\" \/><figcaption class=\"blocks-gallery-item__caption\">Gu\u00eape<\/figcaption><\/figure><\/li><li class=\"blocks-gallery-item\"><figure><img loading=\"lazy\" decoding=\"async\" width=\"612\" height=\"401\" src=\"http:\/\/wespenverdelgingherne.be\/wp-content\/uploads\/2020\/01\/bij-2.jpg\" alt=\"\" data-id=\"57\" data-link=\"http:\/\/wespenverdelgingherne.be\/nuttige-weetjes\/bij-2\/\" class=\"wp-image-57\" srcset=\"http:\/\/wespenverdelgingherne.be\/wp-content\/uploads\/2020\/01\/bij-2.jpg 612w, http:\/\/wespenverdelgingherne.be\/wp-content\/uploads\/2020\/01\/bij-2-300x197.jpg 300w\" sizes=\"auto, (max-width: 612px) 100vw, 612px\" \/><figcaption class=\"blocks-gallery-item__caption\">Abeille<\/figcaption><\/figure><\/li><li class=\"blocks-gallery-item\"><figure><img loading=\"lazy\" decoding=\"async\" width=\"1024\" height=\"768\" src=\"http:\/\/wespenverdelgingherne.be\/wp-content\/uploads\/2020\/01\/hommel-1-1024x768.jpg\" alt=\"\" data-id=\"58\" data-full-url=\"http:\/\/wespenverdelgingherne.be\/wp-content\/uploads\/2020\/01\/hommel-1.jpg\" data-link=\"http:\/\/wespenverdelgingherne.be\/nuttige-weetjes\/hommel-1\/\" class=\"wp-image-58\" srcset=\"http:\/\/wespenverdelgingherne.be\/wp-content\/uploads\/2020\/01\/hommel-1-1024x768.jpg 1024w, http:\/\/wespenverdelgingherne.be\/wp-content\/uploads\/2020\/01\/hommel-1-300x225.jpg 300w, http:\/\/wespenverdelgingherne.be\/wp-content\/uploads\/2020\/01\/hommel-1-768x576.jpg 768w, http:\/\/wespenverdelgingherne.be\/wp-content\/uploads\/2020\/01\/hommel-1.jpg 1200w\" sizes=\"auto, (max-width: 767px) 89vw, (max-width: 1000px) 54vw, (max-width: 1071px) 543px, 580px\" \/><figcaption class=\"blocks-gallery-item__caption\">Bourdon<\/figcaption><\/figure><\/li><\/ul><\/figure>\n\n\n\n<h2 class=\"wp-block-heading\"> O\u00f9 trouverons-nous des nids de gu\u00eapes? <\/h2>\n\n\n\n<p> En avril, la reine cherchera un endroit sec et si possible chaud pour construire son nid. C'est pourquoi nous les retrouverons principalement dans les greniers, les murs creux, les chemin\u00e9es, les poulaillers, les d\u00e9barras, etc. On peut aussi trouver les nids dans le sol ou dans un arbre dans le jardin. <\/p>\n\n\n\n<figure class=\"wp-block-gallery columns-3 is-cropped wp-block-gallery-3 is-layout-flex wp-block-gallery-is-layout-flex\"><ul class=\"blocks-gallery-grid\"><li class=\"blocks-gallery-item\"><figure><img loading=\"lazy\" decoding=\"async\" width=\"262\" height=\"193\" src=\"http:\/\/wespenverdelgingherne.be\/wp-content\/uploads\/2020\/01\/download-3.jpg\" alt=\"\" data-id=\"59\" data-link=\"http:\/\/wespenverdelgingherne.be\/nuttige-weetjes\/download-3\/\" class=\"wp-image-59\"\/><figcaption class=\"blocks-gallery-item__caption\">Nid de gu\u00eapes dans une cabanne<\/figcaption><\/figure><\/li><li class=\"blocks-gallery-item\"><figure><img loading=\"lazy\" decoding=\"async\" width=\"768\" height=\"512\" src=\"http:\/\/wespenverdelgingherne.be\/wp-content\/uploads\/2020\/01\/GettyImages-717165063-59769c06af5d3a00117085fc-1.jpg\" alt=\"\" data-id=\"60\" data-link=\"http:\/\/wespenverdelgingherne.be\/nuttige-weetjes\/gettyimages-717165063-59769c06af5d3a00117085fc-1\/\" class=\"wp-image-60\" srcset=\"http:\/\/wespenverdelgingherne.be\/wp-content\/uploads\/2020\/01\/GettyImages-717165063-59769c06af5d3a00117085fc-1.jpg 768w, http:\/\/wespenverdelgingherne.be\/wp-content\/uploads\/2020\/01\/GettyImages-717165063-59769c06af5d3a00117085fc-1-300x200.jpg 300w\" sizes=\"auto, (max-width: 767px) 89vw, (max-width: 1000px) 54vw, (max-width: 1071px) 543px, 580px\" \/><figcaption class=\"blocks-gallery-item__caption\">dans un arbre<\/figcaption><\/figure><\/li><li class=\"blocks-gallery-item\"><figure><img loading=\"lazy\" decoding=\"async\" width=\"1000\" height=\"662\" src=\"http:\/\/wespenverdelgingherne.be\/wp-content\/uploads\/2020\/01\/enlever-nid-guepe-dans-terre-1.jpeg\" alt=\"\" data-id=\"61\" data-full-url=\"http:\/\/wespenverdelgingherne.be\/wp-content\/uploads\/2020\/01\/enlever-nid-guepe-dans-terre-1.jpeg\" data-link=\"http:\/\/wespenverdelgingherne.be\/nuttige-weetjes\/enlever-nid-guepe-dans-terre-1\/\" class=\"wp-image-61\" srcset=\"http:\/\/wespenverdelgingherne.be\/wp-content\/uploads\/2020\/01\/enlever-nid-guepe-dans-terre-1.jpeg 1000w, http:\/\/wespenverdelgingherne.be\/wp-content\/uploads\/2020\/01\/enlever-nid-guepe-dans-terre-1-300x199.jpeg 300w, http:\/\/wespenverdelgingherne.be\/wp-content\/uploads\/2020\/01\/enlever-nid-guepe-dans-terre-1-768x508.jpeg 768w\" sizes=\"auto, (max-width: 767px) 89vw, (max-width: 1000px) 54vw, (max-width: 1071px) 543px, 580px\" \/><figcaption class=\"blocks-gallery-item__caption\">et dans le sol<\/figcaption><\/figure><\/li><\/ul><\/figure>\n\n\n\n<h2 class=\"wp-block-heading\">\u00c0 partir de quand pouvons-nous rencontrer un nid de gu\u00eapes? <\/h2>\n\n\n\n<p> En hiver, toutes les gu\u00eapes meurent \u00e0 l'exception de la reine f\u00e9cond\u00e9e. Elle se r\u00e9veillera de son hibernation vers avril (selon les temp\u00e9ratures) et commencera \u00e0 construire un nid et \u00e0 pondre des \u0153ufs f\u00e9cond\u00e9s. Les premi\u00e8res larves se nymphosent en ouvri\u00e8res vers la mi-mai. Ces ouvri\u00e8res d\u00e9velopperont davantage le nid et nourriront les larves. \u00c0 ce moment-l\u00e0, la reine se concentrera uniquement sur la ponte des \u0153ufs. L'expansion du nid se poursuivra tout au long de l'\u00e9t\u00e9. Un nid de gu\u00eapes adulte contiendra +\/- 5000 gu\u00eapes. Vers la fin de l'\u00e9t\u00e9, la reine pondra de moins en moins d'\u0153ufs et finira par s'arr\u00eater. Des derni\u00e8res larves viennent les nouvelles reines et les m\u00e2les qui f\u00e9conderont les reines.  <\/p>\n\n\n\n<figure class=\"wp-block-gallery columns-2 is-cropped wp-block-gallery-4 is-layout-flex wp-block-gallery-is-layout-flex\"><ul class=\"blocks-gallery-grid\"><li class=\"blocks-gallery-item\"><figure><img loading=\"lazy\" decoding=\"async\" width=\"800\" height=\"600\" src=\"http:\/\/wespenverdelgingherne.be\/wp-content\/uploads\/2020\/06\/Wespennest-klein.jpg\" alt=\"\" data-id=\"93\" data-full-url=\"http:\/\/wespenverdelgingherne.be\/wp-content\/uploads\/2020\/06\/Wespennest-klein.jpg\" data-link=\"http:\/\/wespenverdelgingherne.be\/nuttige-weetjes\/wespennest-klein\/\" class=\"wp-image-93\" srcset=\"http:\/\/wespenverdelgingherne.be\/wp-content\/uploads\/2020\/06\/Wespennest-klein.jpg 800w, http:\/\/wespenverdelgingherne.be\/wp-content\/uploads\/2020\/06\/Wespennest-klein-300x225.jpg 300w, http:\/\/wespenverdelgingherne.be\/wp-content\/uploads\/2020\/06\/Wespennest-klein-768x576.jpg 768w\" sizes=\"auto, (max-width: 767px) 89vw, (max-width: 1000px) 54vw, (max-width: 1071px) 543px, 580px\" \/><figcaption class=\"blocks-gallery-item__caption\">D\u00e9but d'un nid de gu\u00eapes<\/figcaption><\/figure><\/li><li class=\"blocks-gallery-item\"><figure><img loading=\"lazy\" decoding=\"async\" width=\"768\" height=\"512\" src=\"http:\/\/wespenverdelgingherne.be\/wp-content\/uploads\/2020\/01\/GettyImages-717165063-59769c06af5d3a00117085fc-2.jpg\" alt=\"\" data-id=\"63\" data-link=\"http:\/\/wespenverdelgingherne.be\/nuttige-weetjes\/gettyimages-717165063-59769c06af5d3a00117085fc-2\/\" class=\"wp-image-63\" srcset=\"http:\/\/wespenverdelgingherne.be\/wp-content\/uploads\/2020\/01\/GettyImages-717165063-59769c06af5d3a00117085fc-2.jpg 768w, http:\/\/wespenverdelgingherne.be\/wp-content\/uploads\/2020\/01\/GettyImages-717165063-59769c06af5d3a00117085fc-2-300x200.jpg 300w\" sizes=\"auto, (max-width: 767px) 89vw, (max-width: 1000px) 54vw, (max-width: 1071px) 543px, 580px\" \/><figcaption class=\"blocks-gallery-item__caption\">nid finalis\u00e9<\/figcaption><\/figure><\/li><\/ul><\/figure>\n\n\n\n<h2 class=\"wp-block-heading\"> Quand les gu\u00eapes sont-elles agressives? <\/h2>\n\n\n\n<p> Les gu\u00eapes attaquent quand elles se sentent menac\u00e9es. C'est-\u00e0-dire, quand l'on s'approche trop pr\u00e8s du nid. Contrairement aux abeilles qui ne piquent que lorsque le nid est en danger, les gu\u00eapes peuvent \u00e9galement nous attaquer sans que nous soyons pr\u00e8s du nid. C'est notamment le cas vers la fin de l'\u00e9t\u00e9. Les gu\u00eapes ne stockent pas de nourriture pendant l'\u00e9t\u00e9 comme le font les abeilles, mais se nourrissent du vomi sucr\u00e9 de leurs larves. Puisqu'il y a de moins en moins de larves vers la fin de l'\u00e9t\u00e9, les gu\u00eapes n'ont plus assez de nourriture \u00e0 l'int\u00e9rieur du nid et recherchent donc des substances sucr\u00e9es \u00e0 l'ext\u00e9rieur du nid. \u00c0 ce moment-l\u00e0, nos boissons sucr\u00e9es, nos fruits trop m\u00fbrs, etc. seront leurs objectif. Pendant cette p\u00e9riode, les gens sont le plus piqu\u00e9s! <\/p>\n\n\n\n<h2 class=\"wp-block-heading\"> Les gu\u00eapes sont-elles utiles? <\/h2>\n\n\n\n<p> Les gu\u00eapes sont des animaux tr\u00e8s utiles! \u00c9tant carnivores, ils attrapent beaucoup d'insectes. Ils attrapent par exemple les mouches et moustiques. Les gu\u00eapes sont en fait tr\u00e8s habiles en nettoyage des insectes nuisibles.  <\/p>\n\n\n\n<p> <strong>DONC: si le nid n'est pas une nuisance, c'est dans l'int\u00e9r\u00eat de vous et de la nature qu'il ne soit pas enlev\u00e9! <\/strong><\/p>\n\n\n\n<figure class=\"wp-block-image size-large\"><img loading=\"lazy\" decoding=\"async\" width=\"1024\" height=\"1006\" src=\"http:\/\/wespenverdelgingherne.be\/wp-content\/uploads\/2020\/01\/x83LJmh-1-1024x1006.jpg\" alt=\"\" class=\"wp-image-65\" srcset=\"http:\/\/wespenverdelgingherne.be\/wp-content\/uploads\/2020\/01\/x83LJmh-1-1024x1006.jpg 1024w, http:\/\/wespenverdelgingherne.be\/wp-content\/uploads\/2020\/01\/x83LJmh-1-300x295.jpg 300w, http:\/\/wespenverdelgingherne.be\/wp-content\/uploads\/2020\/01\/x83LJmh-1-768x754.jpg 768w, http:\/\/wespenverdelgingherne.be\/wp-content\/uploads\/2020\/01\/x83LJmh-1.jpg 1080w\" sizes=\"auto, (max-width: 767px) 89vw, (max-width: 1000px) 54vw, (max-width: 1071px) 543px, 580px\" \/><figcaption>Gu\u00eape avec le lunch des larves.<\/figcaption><\/figure>","protected":false},"excerpt":{"rendered":"<p>Hoe herken ik een wespennest? Wespennesten zijn gemaakt van plantenvezels en\/of droog hout. Men zou het kunnen vergelijken met fijne laagjes papier of karton. De wesp herkennen we aan de &#8220;wespentaille&#8221;. Dit is de versmalling in het midden van het lijf. Ook is ze nauwelijks behaard in tegenstelling tot de bij of hommel. Waar gaan &hellip; <\/p>\n<p class=\"link-more\"><a href=\"http:\/\/wespenverdelgingherne.be\/fr\/nuttige-weetjes\/\" class=\"more-link\">Continue reading<span class=\"screen-reader-text\"> &#8220;Nuttige Weetjes&#8221;<\/span><\/a><\/p>","protected":false},"author":1,"featured_media":0,"parent":0,"menu_order":0,"comment_status":"closed","ping_status":"closed","template":"","meta":{"footnotes":""},"class_list":["post-15","page","type-page","status-publish","hentry"],"_links":{"self":[{"href":"http:\/\/wespenverdelgingherne.be\/fr\/wp-json\/wp\/v2\/pages\/15","targetHints":{"allow":["GET"]}}],"collection":[{"href":"http:\/\/wespenverdelgingherne.be\/fr\/wp-json\/wp\/v2\/pages"}],"about":[{"href":"http:\/\/wespenverdelgingherne.be\/fr\/wp-json\/wp\/v2\/types\/page"}],"author":[{"embeddable":true,"href":"http:\/\/wespenverdelgingherne.be\/fr\/wp-json\/wp\/v2\/users\/1"}],"replies":[{"embeddable":true,"href":"http:\/\/wespenverdelgingherne.be\/fr\/wp-json\/wp\/v2\/comments?post=15"}],"version-history":[{"count":9,"href":"http:\/\/wespenverdelgingherne.be\/fr\/wp-json\/wp\/v2\/pages\/15\/revisions"}],"predecessor-version":[{"id":95,"href":"http:\/\/wespenverdelgingherne.be\/fr\/wp-json\/wp\/v2\/pages\/15\/revisions\/95"}],"wp:attachment":[{"href":"http:\/\/wespenverdelgingherne.be\/fr\/wp-json\/wp\/v2\/media?parent=15"}],"curies":[{"name":"wp","href":"https:\/\/api.w.org\/{rel}","templated":true}]}}