{"id":157,"date":"2023-12-09T12:30:00","date_gmt":"2023-12-09T12:30:00","guid":{"rendered":"http:\/\/wespenverdelgingherne.be\/?page_id=157"},"modified":"2024-04-20T06:47:50","modified_gmt":"2024-04-20T06:47:50","slug":"project-save-the-wasp","status":"publish","type":"page","link":"http:\/\/wespenverdelgingherne.be\/fr\/project-save-the-wasp\/","title":{"rendered":"Projet Sauvez la gu\u00eape"},"content":{"rendered":"<p>Comme mentionn\u00e9 pr\u00e9c\u00e9demment sur ce site, la gu\u00eape est un animal utile. \u00c9tant donn\u00e9 que je dois d\u00e9truire de nombreux nids chaque ann\u00e9e parce qu'ils peuvent repr\u00e9senter un danger ou \u00eatre g\u00eanants, j'essaie de d\u00e9placer les nids de gu\u00eapes qui sont faciles \u00e0 enlever, par exemple un nid suspendu librement dans un grenier, au lieu de les exterminer <\/p>\n\n\n\n<div class=\"wp-block-group\"><div class=\"wp-block-group__inner-container is-layout-constrained wp-block-group-is-layout-constrained\">\n<figure class=\"wp-block-image size-large is-resized\"><img loading=\"lazy\" decoding=\"async\" width=\"1024\" height=\"768\" src=\"http:\/\/wespenverdelgingherne.be\/wp-content\/uploads\/2023\/12\/IMG_20230823_131846-1024x768.jpg\" alt=\"\" class=\"wp-image-158\" style=\"width:165px;height:auto\" srcset=\"http:\/\/wespenverdelgingherne.be\/wp-content\/uploads\/2023\/12\/IMG_20230823_131846-1024x768.jpg 1024w, http:\/\/wespenverdelgingherne.be\/wp-content\/uploads\/2023\/12\/IMG_20230823_131846-300x225.jpg 300w, http:\/\/wespenverdelgingherne.be\/wp-content\/uploads\/2023\/12\/IMG_20230823_131846-768x576.jpg 768w, http:\/\/wespenverdelgingherne.be\/wp-content\/uploads\/2023\/12\/IMG_20230823_131846-1536x1152.jpg 1536w, http:\/\/wespenverdelgingherne.be\/wp-content\/uploads\/2023\/12\/IMG_20230823_131846-2048x1536.jpg 2048w, http:\/\/wespenverdelgingherne.be\/wp-content\/uploads\/2023\/12\/IMG_20230823_131846-16x12.jpg 16w\" sizes=\"auto, (max-width: 767px) 89vw, (max-width: 1000px) 54vw, (max-width: 1071px) 543px, 580px\" \/><\/figure>\n\n\n\n<figure class=\"wp-block-image size-large is-resized\"><img loading=\"lazy\" decoding=\"async\" width=\"1024\" height=\"768\" src=\"http:\/\/wespenverdelgingherne.be\/wp-content\/uploads\/2023\/12\/IMG_20230823_131913-1024x768.jpg\" alt=\"\" class=\"wp-image-160\" style=\"width:166px;height:auto\" srcset=\"http:\/\/wespenverdelgingherne.be\/wp-content\/uploads\/2023\/12\/IMG_20230823_131913-1024x768.jpg 1024w, http:\/\/wespenverdelgingherne.be\/wp-content\/uploads\/2023\/12\/IMG_20230823_131913-300x225.jpg 300w, http:\/\/wespenverdelgingherne.be\/wp-content\/uploads\/2023\/12\/IMG_20230823_131913-768x576.jpg 768w, http:\/\/wespenverdelgingherne.be\/wp-content\/uploads\/2023\/12\/IMG_20230823_131913-1536x1152.jpg 1536w, http:\/\/wespenverdelgingherne.be\/wp-content\/uploads\/2023\/12\/IMG_20230823_131913-2048x1536.jpg 2048w, http:\/\/wespenverdelgingherne.be\/wp-content\/uploads\/2023\/12\/IMG_20230823_131913-16x12.jpg 16w\" sizes=\"auto, (max-width: 767px) 89vw, (max-width: 1000px) 54vw, (max-width: 1071px) 543px, 580px\" \/><\/figure>\n<\/div><\/div>\n\n\n\n<figure class=\"wp-block-image size-large is-resized\"><img loading=\"lazy\" decoding=\"async\" width=\"1024\" height=\"768\" src=\"http:\/\/wespenverdelgingherne.be\/wp-content\/uploads\/2023\/12\/IMG_20230823_131936-1024x768.jpg\" alt=\"\" class=\"wp-image-161\" style=\"width:163px;height:auto\" srcset=\"http:\/\/wespenverdelgingherne.be\/wp-content\/uploads\/2023\/12\/IMG_20230823_131936-1024x768.jpg 1024w, http:\/\/wespenverdelgingherne.be\/wp-content\/uploads\/2023\/12\/IMG_20230823_131936-300x225.jpg 300w, http:\/\/wespenverdelgingherne.be\/wp-content\/uploads\/2023\/12\/IMG_20230823_131936-768x576.jpg 768w, http:\/\/wespenverdelgingherne.be\/wp-content\/uploads\/2023\/12\/IMG_20230823_131936-1536x1152.jpg 1536w, http:\/\/wespenverdelgingherne.be\/wp-content\/uploads\/2023\/12\/IMG_20230823_131936-2048x1536.jpg 2048w, http:\/\/wespenverdelgingherne.be\/wp-content\/uploads\/2023\/12\/IMG_20230823_131936-16x12.jpg 16w\" sizes=\"auto, (max-width: 767px) 89vw, (max-width: 1000px) 54vw, (max-width: 1071px) 543px, 580px\" \/><\/figure>\n\n\n\n<figure class=\"wp-block-image size-large is-resized\"><img loading=\"lazy\" decoding=\"async\" width=\"1024\" height=\"768\" src=\"http:\/\/wespenverdelgingherne.be\/wp-content\/uploads\/2023\/12\/IMG_20230823_131902-1024x768.jpg\" alt=\"\" class=\"wp-image-159\" style=\"width:164px;height:auto\" srcset=\"http:\/\/wespenverdelgingherne.be\/wp-content\/uploads\/2023\/12\/IMG_20230823_131902-1024x768.jpg 1024w, http:\/\/wespenverdelgingherne.be\/wp-content\/uploads\/2023\/12\/IMG_20230823_131902-300x225.jpg 300w, http:\/\/wespenverdelgingherne.be\/wp-content\/uploads\/2023\/12\/IMG_20230823_131902-768x576.jpg 768w, http:\/\/wespenverdelgingherne.be\/wp-content\/uploads\/2023\/12\/IMG_20230823_131902-1536x1152.jpg 1536w, http:\/\/wespenverdelgingherne.be\/wp-content\/uploads\/2023\/12\/IMG_20230823_131902-2048x1536.jpg 2048w, http:\/\/wespenverdelgingherne.be\/wp-content\/uploads\/2023\/12\/IMG_20230823_131902-16x12.jpg 16w\" sizes=\"auto, (max-width: 767px) 89vw, (max-width: 1000px) 54vw, (max-width: 1071px) 543px, 580px\" \/><\/figure>\n\n\n\n<p>En 2023, environ 16 nids ont \u00e9t\u00e9 d\u00e9plac\u00e9s vers un nouvel emplacement. Pour cela, je collabore notamment avec le jardin de cueillette \u00e0 Oetingen. Un nid y a \u00e9t\u00e9 plac\u00e9 qui, en plus de sa fonction habituelle de limiter le nombre d'insectes dans les environs, a \u00e9galement servi de mat\u00e9riel d'\u00e9tude. Pour l'ann\u00e9e prochaine, une place a d\u00e9j\u00e0 \u00e9t\u00e9 r\u00e9serv\u00e9e \u00e0 La Bergerie \u00e0 Bi\u00e9v\u00e8ne.<\/p>\n\n\n\n<p>\u00c9tant donn\u00e9 le grand nombre de nids qui peuvent \u00eatre d\u00e9plac\u00e9s au cours d'une saison, je suis constamment \u00e0 la recherche de lieux o\u00f9 ils peuvent \u00eatre install\u00e9s !<\/p>","protected":false},"excerpt":{"rendered":"<p>Zoals eerder vermeld op deze website is de wesp een nuttig dier. Daar ik jaarlijks vele nesten moet verdelgen omdat deze een gevaar kunnen vormen of hinderlijk zijn, probeer ik de wespennesten die gemakkelijk te verwijderen zijn, bv een vrij hangende nest op zolder, te verplaatsen ipv te verdelgen. Zo hebben er in 2023 een &hellip; <\/p>\n<p class=\"link-more\"><a href=\"http:\/\/wespenverdelgingherne.be\/fr\/project-save-the-wasp\/\" class=\"more-link\">Continue reading<span class=\"screen-reader-text\"> &#8220;Project Red de wesp&#8221;<\/span><\/a><\/p>","protected":false},"author":1,"featured_media":0,"parent":0,"menu_order":0,"comment_status":"closed","ping_status":"closed","template":"","meta":{"footnotes":""},"class_list":["post-157","page","type-page","status-publish","hentry"],"_links":{"self":[{"href":"http:\/\/wespenverdelgingherne.be\/fr\/wp-json\/wp\/v2\/pages\/157","targetHints":{"allow":["GET"]}}],"collection":[{"href":"http:\/\/wespenverdelgingherne.be\/fr\/wp-json\/wp\/v2\/pages"}],"about":[{"href":"http:\/\/wespenverdelgingherne.be\/fr\/wp-json\/wp\/v2\/types\/page"}],"author":[{"embeddable":true,"href":"http:\/\/wespenverdelgingherne.be\/fr\/wp-json\/wp\/v2\/users\/1"}],"replies":[{"embeddable":true,"href":"http:\/\/wespenverdelgingherne.be\/fr\/wp-json\/wp\/v2\/comments?post=157"}],"version-history":[{"count":4,"href":"http:\/\/wespenverdelgingherne.be\/fr\/wp-json\/wp\/v2\/pages\/157\/revisions"}],"predecessor-version":[{"id":167,"href":"http:\/\/wespenverdelgingherne.be\/fr\/wp-json\/wp\/v2\/pages\/157\/revisions\/167"}],"wp:attachment":[{"href":"http:\/\/wespenverdelgingherne.be\/fr\/wp-json\/wp\/v2\/media?parent=157"}],"curies":[{"name":"wp","href":"https:\/\/api.w.org\/{rel}","templated":true}]}}