{"id":67,"date":"2020-01-30T16:28:44","date_gmt":"2020-01-30T16:28:44","guid":{"rendered":"http:\/\/wespenverdelgingherne.be\/?page_id=67"},"modified":"2020-01-30T16:28:44","modified_gmt":"2020-01-30T16:28:44","slug":"wat-doen-bij-wespensteek","status":"publish","type":"page","link":"http:\/\/wespenverdelgingherne.be\/fr\/wat-doen-bij-wespensteek\/","title":{"rendered":"Que faire quand on s'est fait piquer"},"content":{"rendered":"<h2 class=\"wp-block-heading\"> Une piq\u00fbre de gu\u00eape est-elle dangereuse? <\/h2>\n\n\n\n<p>C'est possible!<\/p>\n\n\n\n<p> Cela d\u00e9pend de plusieurs facteurs:  <\/p>\n\n\n\n<ul class=\"wp-block-list\"><li><strong>L'endroit de la piq\u00fbre<\/strong>: une piq\u00fbre dans la gorge est plus dangereux que dans les mains.<\/li><li><strong>Le nombre de piq\u00fbres<\/strong>: en d\u00e9rangeant un nid, on peut \u00eatre piqu\u00e9 par plusieurs gu\u00eapes et contrairement \u00e0 l'abeille, une gu\u00eape peut piquer plusieurs fois.<\/li><li><strong>La reaction du corps suite au piq\u00fbres<\/strong>: certaines personnes sont allergiques aux piq\u00fbres d'abeille, de gu\u00eapes, de bourdon et leur corps peut r\u00e9agir tr\u00e8s violemment.<\/li><\/ul>\n\n\n\n<h2 class=\"wp-block-heading\"> Que faire quand on s'est fait piq\u00fber? <\/h2>\n\n\n\n<p> Tout d'abord, il faut essayer d'\u00e9viter les piq\u00fbres en ne s'approchant pas trop d'un nid. <strong>Dans tous les cas, n'essayez pas de d\u00e9truire ou d'enlever un nid vous-m\u00eame, cela peut avoir des cons\u00e9quences d\u00e9sastreuses si vous n'avez pas de l'\u00e9quipement de protection individuelle n\u00e9cessaire.<\/strong> <\/p>\n\n\n\n<p> Si vous \u00eates comme-m\u00eame piqu\u00e9 de fa\u00e7on inattendue par une gu\u00eape, cela se manifestera g\u00e9n\u00e9ralement par des plaintes mineures telles que une sensation de douleur \u00e0 l'endroit de la piq\u00fbre, gonflement de la peau, d\u00e9mangeaisons,\u2026 .. Ces plaintes peuvent \u00eatre trait\u00e9es en refroidissant avec une compresse froide, avec des antihistaminiques oraux et \/ ou une cr\u00e8me st\u00e9ro\u00efde topique (disponible en pharmacie). <\/p>\n\n\n\n<h2 class=\"wp-block-heading\"> Cas graves: <\/h2>\n\n\n\n<p> En ces cas il est tr\u00e9s important de contacter <strong>imm\u00e9diatement<\/strong> les services de secours au num\u00e9ro 112, et ceci d\u00e9s qu'il y a des sympt\u00f4mes visibles. <\/p>\n\n\n\n<p> Contactez le 112 si il sagit de: <\/p>\n\n\n\n<ul class=\"wp-block-list\"><li> Une piq\u00fbre dans la gorge, \u00e7a peut arriver en buvant une boisson sucr\u00e9e contenant une gu\u00eape. Le risque qu'il y ait un gonflement qui provoquera la fermeture des voies respiratoires suivit par la suffocation est bien r\u00e9el!<\/li><li>Une personne allergique: environ 4% de la population est allergique aux piq\u00fbres de gu\u00eapes. Les r\u00e9actions peuvent \u00eatre tr\u00e8s diff\u00e9rentes et dans le cas d'une r\u00e9action dite \u00absyst\u00e9mique\u00bb, cela peut mettre la vie en danger. Un site utile concernant ces r\u00e9actions allergiques est le suivant: <a href=\"https:\/\/www.centreantipoisons.be\/nature\/animaux\/piq-re-de-gu-pe-d-abeille-de-frelon-et-de-bourdon\">https:\/\/www.centreantipoisons.be\/nature\/animaux\/piq-re-de-gu-pe-d-abeille-de-frelon-et-de-bourdon<\/a><\/li><li>Un grand nombre de piq\u00fbres: contrairement aux abeilles, une gu\u00eape peut piquer plus d'une fois et si une personne marche accidentellement sur un nid ou d\u00e9range un nid, on peut avoir un grand nombre de gu\u00eapes qui vont piq\u00fber plusieurs fois. Dans le cas d'un grand nombre de piq\u00fbres il faut toujours tenir compte du fait qu'une r\u00e9action allergique peut survenir. <\/li><\/ul>","protected":false},"excerpt":{"rendered":"<p>Is een wespensteek gevaarlijk? Dat kan! Dit is afhankelijk van verschillende factoren: De plaats van de steek: een steek in de keel is veel gevaarlijker dan op de hand. Het aantal steken: bij het verstoren van een nest kan men door verschillende wespen gestoken worden en in tegenstelling tot de bij kan een wesp meermaals &hellip; <\/p>\n<p class=\"link-more\"><a href=\"http:\/\/wespenverdelgingherne.be\/fr\/wat-doen-bij-wespensteek\/\" class=\"more-link\">Continue reading<span class=\"screen-reader-text\"> &#8220;Wat doen bij wespensteek&#8221;<\/span><\/a><\/p>","protected":false},"author":1,"featured_media":0,"parent":0,"menu_order":0,"comment_status":"closed","ping_status":"closed","template":"","meta":{"footnotes":""},"class_list":["post-67","page","type-page","status-publish","hentry"],"_links":{"self":[{"href":"http:\/\/wespenverdelgingherne.be\/fr\/wp-json\/wp\/v2\/pages\/67","targetHints":{"allow":["GET"]}}],"collection":[{"href":"http:\/\/wespenverdelgingherne.be\/fr\/wp-json\/wp\/v2\/pages"}],"about":[{"href":"http:\/\/wespenverdelgingherne.be\/fr\/wp-json\/wp\/v2\/types\/page"}],"author":[{"embeddable":true,"href":"http:\/\/wespenverdelgingherne.be\/fr\/wp-json\/wp\/v2\/users\/1"}],"replies":[{"embeddable":true,"href":"http:\/\/wespenverdelgingherne.be\/fr\/wp-json\/wp\/v2\/comments?post=67"}],"version-history":[{"count":1,"href":"http:\/\/wespenverdelgingherne.be\/fr\/wp-json\/wp\/v2\/pages\/67\/revisions"}],"predecessor-version":[{"id":69,"href":"http:\/\/wespenverdelgingherne.be\/fr\/wp-json\/wp\/v2\/pages\/67\/revisions\/69"}],"wp:attachment":[{"href":"http:\/\/wespenverdelgingherne.be\/fr\/wp-json\/wp\/v2\/media?parent=67"}],"curies":[{"name":"wp","href":"https:\/\/api.w.org\/{rel}","templated":true}]}}