{"id":70,"date":"2020-01-31T05:54:00","date_gmt":"2020-01-31T05:54:00","guid":{"rendered":"http:\/\/wespenverdelgingherne.be\/?page_id=70"},"modified":"2020-01-31T05:55:05","modified_gmt":"2020-01-31T05:55:05","slug":"hoornaar","status":"publish","type":"page","link":"http:\/\/wespenverdelgingherne.be\/fr\/hoornaar\/","title":{"rendered":"Le frelon"},"content":{"rendered":"<h2 class=\"wp-block-heading\">Que sont les frelons?<\/h2>\n\n\n\n<p> Les frelons sont de la m\u00eame famille que les gu\u00eapes mais sont beaucoup plus gros. <\/p>\n\n\n\n<p> Surtout le frelon europ\u00e9en a une apparence impressionnante (parfois 4 cm de long). Cependant, elle est beaucoup moins agressive et aga\u00e7ante que la gu\u00eape. Elle attaque rarement, seulement quand elle se sent menac\u00e9, comme l'abeille\u2026. Les frelons europ\u00e9ens sont m\u00eame des animaux utiles, ils s'assurent que le frelon asiatique sera chass\u00e9 de leur territoir. Les frelons europ\u00e9ens sont une esp\u00e8ce indig\u00e8ne et peuvent \u00eatre reconnus par leur couleur brun rouge\u00e2tre en plus de leur taille. <\/p>\n\n\n\n<p> Le frelon asiatique est une esp\u00e8ce exotique que l'on trouve en Belguique depuis mai 2017. Il est entr\u00e9 en Europe par une p\u00e9pini\u00e8re de bonsa\u00ef en France en 2004 et s'est depuis r\u00e9pandu en Espagne, au Portugal, en Italie, en Allemagne, en Grande-Bretagne, aux Pays-Bas et en Belgique. L'esp\u00e8ce est connue pour \u00eatre capable d'envahir les ruches d'abeilles et de tuer des nids entiers. Il est sur la liste des insectes \u00e0 d\u00e9truire. <\/p>\n\n\n\n<p> Un nid de frelons Asiatiques doit \u00eatre signal\u00e9.&nbsp;<strong>Un nid de frelons Asiatiques<\/strong>&nbsp;peuvent \u00eatre signal\u00e9 sur ce site:&nbsp;<a rel=\"noreferrer noopener\" href=\"https:\/\/vespawatch.be\/obs\/nest\/add\/?card_id=1&amp;redirect_to=index\" target=\"_blank\">https:\/\/vespawatch.be\/obs\/nest\/add\/?card_id=1&amp;redirect_to=index<\/a>. <\/p>\n\n\n\n<figure class=\"wp-block-image size-large\"><img loading=\"lazy\" decoding=\"async\" width=\"767\" height=\"301\" src=\"http:\/\/wespenverdelgingherne.be\/wp-content\/uploads\/2020\/12\/FRelons-abeille-gu\u00eape-l\u00e9gende.png\" alt=\"\" class=\"wp-image-73\" srcset=\"http:\/\/wespenverdelgingherne.be\/wp-content\/uploads\/2020\/12\/FRelons-abeille-gu\u00eape-l\u00e9gende.png 637w, http:\/\/wespenverdelgingherne.be\/wp-content\/uploads\/2020\/12\/FRelons-abeille-gu\u00eape-l\u00e9gende-300x141.png 300w\" sizes=\"auto, (max-width: 767px) 89vw, (max-width: 1000px) 54vw, (max-width: 1071px) 543px, 580px\" \/><\/figure>","protected":false},"excerpt":{"rendered":"<p>Wat zijn hoornaars? Hoornaars of paardenwespen behoren tot dezelfde familie als de wespen maar zijn een stuk groter. Vooral de Europese Hoornaar heeft een indrukwekkende verschijning (soms 4cm lang). Nochthans is die veel minder agressief en irritant dan de wesp. Hij zal zelden steken, enkel wanneer hij zich bedreigd voelt zoals de honingbij&#8230;. Europese hoornaars &hellip; <\/p>\n<p class=\"link-more\"><a href=\"http:\/\/wespenverdelgingherne.be\/fr\/hoornaar\/\" class=\"more-link\">Continue reading<span class=\"screen-reader-text\"> &#8220;Hoornaar&#8221;<\/span><\/a><\/p>","protected":false},"author":1,"featured_media":0,"parent":0,"menu_order":0,"comment_status":"closed","ping_status":"closed","template":"","meta":{"footnotes":""},"class_list":["post-70","page","type-page","status-publish","hentry"],"_links":{"self":[{"href":"http:\/\/wespenverdelgingherne.be\/fr\/wp-json\/wp\/v2\/pages\/70","targetHints":{"allow":["GET"]}}],"collection":[{"href":"http:\/\/wespenverdelgingherne.be\/fr\/wp-json\/wp\/v2\/pages"}],"about":[{"href":"http:\/\/wespenverdelgingherne.be\/fr\/wp-json\/wp\/v2\/types\/page"}],"author":[{"embeddable":true,"href":"http:\/\/wespenverdelgingherne.be\/fr\/wp-json\/wp\/v2\/users\/1"}],"replies":[{"embeddable":true,"href":"http:\/\/wespenverdelgingherne.be\/fr\/wp-json\/wp\/v2\/comments?post=70"}],"version-history":[{"count":2,"href":"http:\/\/wespenverdelgingherne.be\/fr\/wp-json\/wp\/v2\/pages\/70\/revisions"}],"predecessor-version":[{"id":74,"href":"http:\/\/wespenverdelgingherne.be\/fr\/wp-json\/wp\/v2\/pages\/70\/revisions\/74"}],"wp:attachment":[{"href":"http:\/\/wespenverdelgingherne.be\/fr\/wp-json\/wp\/v2\/media?parent=70"}],"curies":[{"name":"wp","href":"https:\/\/api.w.org\/{rel}","templated":true}]}}