{"id":9,"date":"2020-01-28T18:50:06","date_gmt":"2020-01-28T18:50:06","guid":{"rendered":"http:\/\/wespenverdelgingherne.be\/?page_id=9"},"modified":"2025-07-12T04:41:07","modified_gmt":"2025-07-12T04:41:07","slug":"wespenverdelging-herne","status":"publish","type":"page","link":"http:\/\/wespenverdelgingherne.be\/fr\/","title":{"rendered":"Wespenverdelging Herne"},"content":{"rendered":"<div class=\"wp-block-cover\"><img loading=\"lazy\" decoding=\"async\" width=\"1200\" height=\"800\" class=\"wp-block-cover__image-background wp-image-10\" alt=\"\" src=\"http:\/\/wespenverdelgingherne.be\/wp-content\/uploads\/2020\/01\/eyycnr-1.jpg\" data-object-fit=\"cover\" srcset=\"http:\/\/wespenverdelgingherne.be\/wp-content\/uploads\/2020\/01\/eyycnr-1.jpg 1200w, http:\/\/wespenverdelgingherne.be\/wp-content\/uploads\/2020\/01\/eyycnr-1-300x200.jpg 300w, http:\/\/wespenverdelgingherne.be\/wp-content\/uploads\/2020\/01\/eyycnr-1-1024x683.jpg 1024w, http:\/\/wespenverdelgingherne.be\/wp-content\/uploads\/2020\/01\/eyycnr-1-768x512.jpg 768w\" sizes=\"auto, (max-width: 767px) 89vw, (max-width: 1000px) 54vw, (max-width: 1071px) 543px, 580px\" \/><span aria-hidden=\"true\" class=\"wp-block-cover__background has-background-dim\"><\/span><div class=\"wp-block-cover__inner-container is-layout-flow wp-block-cover-is-layout-flow\">\n<p class=\"has-text-align-center has-very-light-gray-color has-text-color has-large-font-size\">Vous avez un nid de gu\u00eapes?<\/p>\n<\/div><\/div>\n\n\n\n<h2 class=\"wp-block-heading has-text-align-center has-very-dark-gray-color has-text-color\"><strong>Alors vous \u00eates \u00e0 la bonne adresse!<\/strong><\/h2>\n\n\n<div class=\"wp-block-image is-resized\">\n<figure class=\"aligncenter\"><img loading=\"lazy\" decoding=\"async\" width=\"200\" height=\"150\" src=\"http:\/\/wespenverdelgingherne.be\/wp-content\/uploads\/2020\/01\/download-1-1.jpg\" alt=\"\" class=\"wp-image-12\"\/><\/figure><\/div>\n\n\n<p class=\"has-text-align-center\">Wespenverdelging Herne<br><\/p>\n\n\n\n<p class=\"has-text-align-center\">GSM et Whatsapp  : 0468\/312896      <\/p>\n\n\n\n<p class=\"has-text-align-center\">Mail: <a href=\"http:\/\/wespenverdelgingherne.be\/fr\/contactformulier\/\">Contactez-moi<\/a><\/p>\n\n\n\n<p class=\"has-text-align-center has-vivid-purple-color has-text-color\"><a href=\"http:\/\/wespenverdelgingherne.be\/fr\/is-verdelging-steeds-noodzakelijk\/\">Lisez aussi certainement la section : \u00ab Est-il toujours n\u00e9cessaire d'exterminer? \u00bb <\/a><\/p>\n\n\n\n<p class=\"has-text-align-center\">Prix destruction nid: +\/- \u20ac 60 <\/p>\n\n\n\n<p class=\"has-text-align-center\">Si le nid n'est pas d\u00e9truit apr\u00e8s la premi\u00e8re intervention, je reviens sans frais additionnels.<br><\/p>\n\n\n<div class=\"wp-block-image is-resized\">\n<figure class=\"aligncenter\"><img loading=\"lazy\" decoding=\"async\" width=\"200\" height=\"150\" src=\"http:\/\/wespenverdelgingherne.be\/wp-content\/uploads\/2020\/01\/download-1-1.jpg\" alt=\"\" class=\"wp-image-12\"\/><\/figure><\/div>\n\n\n<p><\/p>","protected":false},"excerpt":{"rendered":"<p>Dan bent U aan het juiste adres! Wespenverdelging Herne GSM en Whatsapp : 0468\/312896 Mail: Contactformulier Lees zeker ook eens het deel : &#8220;Is verdelgen steeds noodzakelijk&#8221; Richtprijs verdelging: +\/- \u20ac 60 Indien het nest na de eerste tussenkomst niet volledig vernietigd is dan kom ik kosteloos terug!<\/p>","protected":false},"author":1,"featured_media":0,"parent":0,"menu_order":0,"comment_status":"closed","ping_status":"closed","template":"","meta":{"footnotes":""},"class_list":["post-9","page","type-page","status-publish","hentry"],"_links":{"self":[{"href":"http:\/\/wespenverdelgingherne.be\/fr\/wp-json\/wp\/v2\/pages\/9","targetHints":{"allow":["GET"]}}],"collection":[{"href":"http:\/\/wespenverdelgingherne.be\/fr\/wp-json\/wp\/v2\/pages"}],"about":[{"href":"http:\/\/wespenverdelgingherne.be\/fr\/wp-json\/wp\/v2\/types\/page"}],"author":[{"embeddable":true,"href":"http:\/\/wespenverdelgingherne.be\/fr\/wp-json\/wp\/v2\/users\/1"}],"replies":[{"embeddable":true,"href":"http:\/\/wespenverdelgingherne.be\/fr\/wp-json\/wp\/v2\/comments?post=9"}],"version-history":[{"count":18,"href":"http:\/\/wespenverdelgingherne.be\/fr\/wp-json\/wp\/v2\/pages\/9\/revisions"}],"predecessor-version":[{"id":177,"href":"http:\/\/wespenverdelgingherne.be\/fr\/wp-json\/wp\/v2\/pages\/9\/revisions\/177"}],"wp:attachment":[{"href":"http:\/\/wespenverdelgingherne.be\/fr\/wp-json\/wp\/v2\/media?parent=9"}],"curies":[{"name":"wp","href":"https:\/\/api.w.org\/{rel}","templated":true}]}}